{"id":2972,"date":"2018-01-25T09:16:38","date_gmt":"2018-01-25T08:16:38","guid":{"rendered":"https:\/\/testsupport.namirial.com\/docs\/docs-tsp-biometric-signature\/"},"modified":"2020-02-14T10:10:48","modified_gmt":"2020-02-14T09:10:48","slug":"docs-tsp-biometric-signature","status":"publish","type":"page","link":"https:\/\/support.namirial.com\/pt-br\/docs\/docs-tsp-biometric-signature\/","title":{"rendered":"Assinatura Biom\u00e9trica Manuscrita"},"content":{"rendered":"<div class=\"wpb-content-wrapper\"><p>[vc_row row_height_type=&#8221;fixed_height&#8221; height=&#8221;300px&#8221; top=&#8221;50px&#8221; bottom=&#8221;20px&#8221; columns_placement=&#8221;middle&#8221; bg_type=&#8221;image&#8221; parallax_bg=&#8221;parallax-bg&#8221; bg_cover=&#8221;cover&#8221; bg_repeat=&#8221;no-repeat&#8221; bg_position=&#8221;&#8221; slope_bottom=&#8221;slope-bottom&#8221; slope_bottom_height=&#8221;50px&#8221; row_seperator=&#8221;no-seperator&#8221; font_color=&#8221;#ffffff&#8221; slope_bottom_color=&#8221;#652365&#8243; bg_image=&#8221;896&#8243; el_class=&#8221;vc-header&#8221;][vc_column width=&#8221;1\/3&#8243;][\/vc_column][vc_column width=&#8221;2\/3&#8243;][vc_heading title=&#8221;DOCUMENTOS&#8221; title_tag=&#8221;h1&#8243; title_color=&#8221;#2d2d2d&#8221; subtitle=&#8221;Documenta\u00e7\u00e3o Namirial para Provedor de Servi\u00e7o de Confian\u00e7a&#8221; subtitle_tag=&#8221;h2&#8243; subtitle_color=&#8221;#000000&#8243; divider=&#8221;div-between&#8221; alignment=&#8221;align-right&#8221;][\/vc_column][\/vc_row][vc_row top=&#8221;40px&#8221; el_class=&#8221;vc-main-title&#8221; bg_color=&#8221;#000000&#8243;][vc_column][vc_heading title=&#8221;ASSINATURA BIOM\u00c9TRICA MANUSCRITA&#8221; title_tag=&#8221;h2&#8243; subtitle_tag=&#8221;h3&#8243;][\/vc_column][\/vc_row][vc_row top=&#8221;5px&#8221; bottom=&#8221;5px&#8221; textalign=&#8221;right&#8221; bg_color=&#8221;#e8e7ea&#8221; section_id=&#8221;breadcrumbs&#8221;][vc_column][vc_column_text css_animation=&#8221;none&#8221;]<div class=\"breadcrumb\" itemprop=\"breadcrumb\"><span><span><a href=\"https:\/\/support.namirial.com\/pt-br\/\">Home<\/a><\/span><\/span><\/div>[\/vc_column_text][\/vc_column][\/vc_row][vc_row top=&#8221;20px&#8221; bottom=&#8221;20px&#8221; el_class=&#8221;vc-body&#8221; section_id=&#8221;tsp-docs-list&#8221;][vc_column width=&#8221;1\/4&#8243;][vc_empty_space height=&#8221;20px&#8221;][vc_row_inner top=&#8221;&#8221; bottom=&#8221;&#8221; el_class=&#8221;left-menu-container&#8221;][vc_column_inner]<div class=\"menu-main-menu-full-pt-br-container\"><ul id=\"left-Menu\" class=\"left-custom-menu\"><li id=\"menu-item-3182\" class=\"menu-item menu-item-type-post_type menu-item-object-page menu-item-3182\"><a href=\"https:\/\/support.namirial.com\/pt-br\/docs\/docs-tsp-biometric-signature\/capturing-devices\/\">Capturando Certificados de Dispositivo<\/a><\/li>\n<li id=\"menu-item-4258\" class=\"menu-item menu-item-type-post_type menu-item-object-page menu-item-4258\"><a href=\"https:\/\/support.namirial.com\/pt-br\/docs\/docs-tsp-biometric-signature\/warranty-terms\/\">Terms of Warranty<\/a><\/li>\n<\/ul><\/div>[\/vc_column_inner][\/vc_row_inner][vc_empty_space height=&#8221;40px&#8221;][\/vc_column][vc_column width=&#8221;3\/4&#8243;][\/vc_column][\/vc_row]<\/p>\n<\/div>","protected":false},"excerpt":{"rendered":"<p>[vc_row row_height_type=&#8221;fixed_height&#8221; height=&#8221;300px&#8221; top=&#8221;50px&#8221; bottom=&#8221;20px&#8221; columns_placement=&#8221;middle&#8221; bg_type=&#8221;image&#8221; parallax_bg=&#8221;parallax-bg&#8221; bg_cover=&#8221;cover&#8221; bg_repeat=&#8221;no-repeat&#8221; bg_position=&#8221;&#8221; slope_bottom=&#8221;slope-bottom&#8221; slope_bottom_height=&#8221;50px&#8221; row_seperator=&#8221;no-seperator&#8221; font_color=&#8221;#ffffff&#8221; slope_bottom_color=&#8221;#652365&#8243; bg_image=&#8221;896&#8243; el_class=&#8221;vc-header&#8221;][vc_column width=&#8221;1\/3&#8243;][\/vc_column][vc_column width=&#8221;2\/3&#8243;][vc_heading title=&#8221;DOCUMENTOS&#8221; title_tag=&#8221;h1&#8243; title_color=&#8221;#2d2d2d&#8221; subtitle=&#8221;Documenta\u00e7\u00e3o Namirial para Provedor de Servi\u00e7o de Confian\u00e7a&#8221; subtitle_tag=&#8221;h2&#8243; subtitle_color=&#8221;#000000&#8243; divider=&#8221;div-between&#8221; alignment=&#8221;align-right&#8221;][\/vc_column][\/vc_row][vc_row top=&#8221;40px&#8221; el_class=&#8221;vc-main-title&#8221; bg_color=&#8221;#000000&#8243;][vc_column][vc_heading title=&#8221;ASSINATURA BIOM\u00c9TRICA MANUSCRITA&#8221; title_tag=&#8221;h2&#8243; subtitle_tag=&#8221;h3&#8243;][\/vc_column][\/vc_row][vc_row top=&#8221;5px&#8221; bottom=&#8221;5px&#8221; textalign=&#8221;right&#8221; bg_color=&#8221;#e8e7ea&#8221; section_id=&#8221;breadcrumbs&#8221;][vc_column][vc_column_text css_animation=&#8221;none&#8221;][\/vc_column_text][\/vc_column][\/vc_row][vc_row top=&#8221;20px&#8221; bottom=&#8221;20px&#8221; el_class=&#8221;vc-body&#8221; section_id=&#8221;tsp-docs-list&#8221;][vc_column width=&#8221;1\/4&#8243;][vc_empty_space height=&#8221;20px&#8221;][vc_row_inner top=&#8221;&#8221; bottom=&#8221;&#8221; el_class=&#8221;left-menu-container&#8221;][vc_column_inner][\/vc_column_inner][\/vc_row_inner][vc_empty_space height=&#8221;40px&#8221;][\/vc_column][vc_column width=&#8221;3\/4&#8243;][\/vc_column][\/vc_row]<\/p>\n","protected":false},"author":5,"featured_media":0,"parent":2967,"menu_order":2,"comment_status":"closed","ping_status":"closed","template":"page-full-width.php","meta":{"footnotes":""},"class_list":["post-2972","page","type-page","status-publish","hentry"],"yoast_head":"<!-- This site is optimized with the Yoast SEO plugin v23.6 - https:\/\/yoast.com\/wordpress\/plugins\/seo\/ -->\n<title>TSP Docs . Handwritten Biometric Signature<\/title>\n<meta name=\"description\" content=\"Namirial Official Documents Repository\" \/>\n<meta name=\"robots\" content=\"noindex, follow\" \/>\n<meta property=\"og:locale\" content=\"pt_BR\" \/>\n<meta property=\"og:type\" content=\"article\" \/>\n<meta property=\"og:title\" content=\"TSP Docs . Handwritten Biometric Signature\" \/>\n<meta property=\"og:description\" content=\"Namirial Official Documents Repository\" \/>\n<meta property=\"og:url\" content=\"https:\/\/support.namirial.com\/pt-br\/docs\/docs-tsp-biometric-signature\/\" \/>\n<meta property=\"og:site_name\" content=\"Namirial Support\" \/>\n<meta property=\"article:modified_time\" content=\"2020-02-14T09:10:48+00:00\" \/>\n<meta name=\"twitter:card\" content=\"summary_large_image\" \/>\n<script type=\"application\/ld+json\" class=\"yoast-schema-graph\">{\"@context\":\"https:\/\/schema.org\",\"@graph\":[{\"@type\":\"WebPage\",\"@id\":\"https:\/\/support.namirial.com\/pt-br\/docs\/docs-tsp-biometric-signature\/\",\"url\":\"https:\/\/support.namirial.com\/pt-br\/docs\/docs-tsp-biometric-signature\/\",\"name\":\"TSP Docs . Handwritten Biometric Signature\",\"isPartOf\":{\"@id\":\"https:\/\/support.namirial.com\/pt-br\/#website\"},\"datePublished\":\"2018-01-25T08:16:38+00:00\",\"dateModified\":\"2020-02-14T09:10:48+00:00\",\"description\":\"Namirial Official Documents Repository\",\"breadcrumb\":{\"@id\":\"https:\/\/support.namirial.com\/pt-br\/docs\/docs-tsp-biometric-signature\/#breadcrumb\"},\"inLanguage\":\"pt-BR\",\"potentialAction\":[{\"@type\":\"ReadAction\",\"target\":[\"https:\/\/support.namirial.com\/pt-br\/docs\/docs-tsp-biometric-signature\/\"]}]},{\"@type\":\"BreadcrumbList\",\"@id\":\"https:\/\/support.namirial.com\/pt-br\/docs\/docs-tsp-biometric-signature\/#breadcrumb\",\"itemListElement\":[{\"@type\":\"ListItem\",\"position\":1,\"name\":\"Home\",\"item\":\"https:\/\/support.namirial.com\/pt-br\/\"},{\"@type\":\"ListItem\",\"position\":2,\"name\":\"Documenta\u00e7\u00e3o\",\"item\":\"https:\/\/support.namirial.com\/pt-br\/docs\/\"},{\"@type\":\"ListItem\",\"position\":3,\"name\":\"Assinatura Biom\u00e9trica Manuscrita\"}]},{\"@type\":\"WebSite\",\"@id\":\"https:\/\/support.namirial.com\/pt-br\/#website\",\"url\":\"https:\/\/support.namirial.com\/pt-br\/\",\"name\":\"Namirial Support\",\"description\":\"Trust Service Provider\",\"publisher\":{\"@id\":\"https:\/\/support.namirial.com\/pt-br\/#organization\"},\"potentialAction\":[{\"@type\":\"SearchAction\",\"target\":{\"@type\":\"EntryPoint\",\"urlTemplate\":\"https:\/\/support.namirial.com\/pt-br\/?s={search_term_string}\"},\"query-input\":{\"@type\":\"PropertyValueSpecification\",\"valueRequired\":true,\"valueName\":\"search_term_string\"}}],\"inLanguage\":\"pt-BR\"},{\"@type\":\"Organization\",\"@id\":\"https:\/\/support.namirial.com\/pt-br\/#organization\",\"name\":\"Namirial Information Technology\",\"url\":\"https:\/\/support.namirial.com\/pt-br\/\",\"logo\":{\"@type\":\"ImageObject\",\"inLanguage\":\"pt-BR\",\"@id\":\"https:\/\/support.namirial.com\/pt-br\/#\/schema\/logo\/image\/\",\"url\":\"https:\/\/support.namirial.com\/wp-content\/uploads\/logo-namirial-information-technology-@2x.png\",\"contentUrl\":\"https:\/\/support.namirial.com\/wp-content\/uploads\/logo-namirial-information-technology-@2x.png\",\"width\":408,\"height\":96,\"caption\":\"Namirial Information Technology\"},\"image\":{\"@id\":\"https:\/\/support.namirial.com\/pt-br\/#\/schema\/logo\/image\/\"}}]}<\/script>\n<!-- \/ Yoast SEO plugin. -->","yoast_head_json":{"title":"TSP Docs . Handwritten Biometric Signature","description":"Namirial Official Documents Repository","robots":{"index":"noindex","follow":"follow"},"og_locale":"pt_BR","og_type":"article","og_title":"TSP Docs . Handwritten Biometric Signature","og_description":"Namirial Official Documents Repository","og_url":"https:\/\/support.namirial.com\/pt-br\/docs\/docs-tsp-biometric-signature\/","og_site_name":"Namirial Support","article_modified_time":"2020-02-14T09:10:48+00:00","twitter_card":"summary_large_image","schema":{"@context":"https:\/\/schema.org","@graph":[{"@type":"WebPage","@id":"https:\/\/support.namirial.com\/pt-br\/docs\/docs-tsp-biometric-signature\/","url":"https:\/\/support.namirial.com\/pt-br\/docs\/docs-tsp-biometric-signature\/","name":"TSP Docs . Handwritten Biometric Signature","isPartOf":{"@id":"https:\/\/support.namirial.com\/pt-br\/#website"},"datePublished":"2018-01-25T08:16:38+00:00","dateModified":"2020-02-14T09:10:48+00:00","description":"Namirial Official Documents Repository","breadcrumb":{"@id":"https:\/\/support.namirial.com\/pt-br\/docs\/docs-tsp-biometric-signature\/#breadcrumb"},"inLanguage":"pt-BR","potentialAction":[{"@type":"ReadAction","target":["https:\/\/support.namirial.com\/pt-br\/docs\/docs-tsp-biometric-signature\/"]}]},{"@type":"BreadcrumbList","@id":"https:\/\/support.namirial.com\/pt-br\/docs\/docs-tsp-biometric-signature\/#breadcrumb","itemListElement":[{"@type":"ListItem","position":1,"name":"Home","item":"https:\/\/support.namirial.com\/pt-br\/"},{"@type":"ListItem","position":2,"name":"Documenta\u00e7\u00e3o","item":"https:\/\/support.namirial.com\/pt-br\/docs\/"},{"@type":"ListItem","position":3,"name":"Assinatura Biom\u00e9trica Manuscrita"}]},{"@type":"WebSite","@id":"https:\/\/support.namirial.com\/pt-br\/#website","url":"https:\/\/support.namirial.com\/pt-br\/","name":"Namirial Support","description":"Trust Service Provider","publisher":{"@id":"https:\/\/support.namirial.com\/pt-br\/#organization"},"potentialAction":[{"@type":"SearchAction","target":{"@type":"EntryPoint","urlTemplate":"https:\/\/support.namirial.com\/pt-br\/?s={search_term_string}"},"query-input":{"@type":"PropertyValueSpecification","valueRequired":true,"valueName":"search_term_string"}}],"inLanguage":"pt-BR"},{"@type":"Organization","@id":"https:\/\/support.namirial.com\/pt-br\/#organization","name":"Namirial Information Technology","url":"https:\/\/support.namirial.com\/pt-br\/","logo":{"@type":"ImageObject","inLanguage":"pt-BR","@id":"https:\/\/support.namirial.com\/pt-br\/#\/schema\/logo\/image\/","url":"https:\/\/support.namirial.com\/wp-content\/uploads\/logo-namirial-information-technology-@2x.png","contentUrl":"https:\/\/support.namirial.com\/wp-content\/uploads\/logo-namirial-information-technology-@2x.png","width":408,"height":96,"caption":"Namirial Information Technology"},"image":{"@id":"https:\/\/support.namirial.com\/pt-br\/#\/schema\/logo\/image\/"}}]}},"_links":{"self":[{"href":"https:\/\/support.namirial.com\/pt-br\/wp-json\/wp\/v2\/pages\/2972"}],"collection":[{"href":"https:\/\/support.namirial.com\/pt-br\/wp-json\/wp\/v2\/pages"}],"about":[{"href":"https:\/\/support.namirial.com\/pt-br\/wp-json\/wp\/v2\/types\/page"}],"author":[{"embeddable":true,"href":"https:\/\/support.namirial.com\/pt-br\/wp-json\/wp\/v2\/users\/5"}],"replies":[{"embeddable":true,"href":"https:\/\/support.namirial.com\/pt-br\/wp-json\/wp\/v2\/comments?post=2972"}],"version-history":[{"count":0,"href":"https:\/\/support.namirial.com\/pt-br\/wp-json\/wp\/v2\/pages\/2972\/revisions"}],"up":[{"embeddable":true,"href":"https:\/\/support.namirial.com\/pt-br\/wp-json\/wp\/v2\/pages\/2967"}],"wp:attachment":[{"href":"https:\/\/support.namirial.com\/pt-br\/wp-json\/wp\/v2\/media?parent=2972"}],"curies":[{"name":"wp","href":"https:\/\/api.w.org\/{rel}","templated":true}]}}