{"id":2982,"date":"2018-01-25T10:22:38","date_gmt":"2018-01-25T09:22:38","guid":{"rendered":"https:\/\/testsupport.namirial.com\/docs\/docs-tsp-long-term-archive\/"},"modified":"2020-08-31T16:26:24","modified_gmt":"2020-08-31T15:26:24","slug":"docs-tsp-long-term-archive","status":"publish","type":"page","link":"https:\/\/support.namirial.com\/pt-br\/docs\/docs-tsp-long-term-archive\/","title":{"rendered":"Arquivo a Longo Prazo"},"content":{"rendered":"<div class=\"wpb-content-wrapper\"><p>[vc_row row_height_type=&#8221;fixed_height&#8221; height=&#8221;300px&#8221; top=&#8221;50px&#8221; bottom=&#8221;20px&#8221; columns_placement=&#8221;middle&#8221; bg_type=&#8221;image&#8221; parallax_bg=&#8221;parallax-bg&#8221; bg_cover=&#8221;cover&#8221; bg_repeat=&#8221;no-repeat&#8221; bg_position=&#8221;&#8221; slope_bottom=&#8221;slope-bottom&#8221; slope_bottom_height=&#8221;50px&#8221; row_seperator=&#8221;no-seperator&#8221; font_color=&#8221;#ffffff&#8221; slope_bottom_color=&#8221;#652365&#8243; bg_image=&#8221;896&#8243; el_class=&#8221;vc-header&#8221;][vc_column width=&#8221;1\/3&#8243;][\/vc_column][vc_column width=&#8221;2\/3&#8243;][vc_heading title=&#8221;DOCUMENTOS&#8221; title_tag=&#8221;h1&#8243; title_color=&#8221;#2d2d2d&#8221; subtitle=&#8221;Documenta\u00e7\u00e3o Namirial para Provedor de Servi\u00e7o de Confian\u00e7a&#8221; subtitle_tag=&#8221;h2&#8243; subtitle_color=&#8221;#000000&#8243; divider=&#8221;div-between&#8221; alignment=&#8221;align-right&#8221;][\/vc_column][\/vc_row][vc_row top=&#8221;40px&#8221; el_class=&#8221;vc-main-title&#8221; bg_color=&#8221;#000000&#8243;][vc_column][vc_heading title=&#8221;ARQUIVO A LONGO PRAZO&#8221; title_tag=&#8221;h2&#8243; subtitle_tag=&#8221;h3&#8243;][\/vc_column][\/vc_row][vc_row top=&#8221;5px&#8221; bottom=&#8221;5px&#8221; textalign=&#8221;right&#8221; bg_color=&#8221;#e8e7ea&#8221; section_id=&#8221;breadcrumbs&#8221;][vc_column][vc_column_text css_animation=&#8221;none&#8221;]<div class=\"breadcrumb\" itemprop=\"breadcrumb\"><span><span><a href=\"https:\/\/support.namirial.com\/pt-br\/\">Home<\/a><\/span><\/span><\/div>[\/vc_column_text][\/vc_column][\/vc_row][vc_row top=&#8221;20px&#8221; bottom=&#8221;20px&#8221; el_class=&#8221;vc-body&#8221; section_id=&#8221;tsp-docs-list&#8221;][vc_column width=&#8221;1\/4&#8243;][vc_empty_space height=&#8221;20px&#8221;][vc_heading title=&#8221;Arquivo a Longo Prazo&#8221; title_tag=&#8221;h3&#8243; alignment=&#8221;align-left&#8221;][vc_row_inner top=&#8221;&#8221; bottom=&#8221;&#8221; el_class=&#8221;left-menu-container&#8221;][vc_column_inner]<div class=\"menu-main-menu-full-pt-br-container\"><ul id=\"left-Menu\" class=\"left-custom-menu\"><li id=\"menu-item-3184\" class=\"menu-item menu-item-type-custom menu-item-object-custom menu-item-3184\"><a href=\"\/pt-br\/docs\/docs-tsp-long-term-archive\/#docs_tsp_statement\">Declara\u00e7\u00f5es de Pr\u00e1ticas<\/a><\/li>\n<\/ul><\/div>[\/vc_column_inner][\/vc_row_inner][vc_empty_space height=&#8221;40px&#8221;][\/vc_column][vc_column width=&#8221;3\/4&#8243; css=&#8221;.vc_custom_1512472270842{margin-top: 15px !important;}&#8221;][vc_row_inner top=&#8221;0px&#8221; bottom=&#8221;0px&#8221; el_class=&#8221;docs-section&#8221;][vc_column_inner el_class=&#8221;serv_section&#8221; el_id=&#8221;docs_tsp_statement&#8221;][vc_heading title=&#8221;Declara\u00e7\u00f5es de Pr\u00e1ticas&#8221; title_tag=&#8221;h2&#8243; title_color=&#8221;#2d2d2d&#8221; alignment=&#8221;align-left&#8221;][vc_column_text css_animation=&#8221;appear&#8221; css=&#8221;.vc_custom_1551947924578{margin-bottom: 20px !important;}&#8221;]<script type=\"text\/x-handlebars-template\"        id=\"wpfd-template-table-categories-323\">    <div class=\"wpfd-categories hide\">{{#if category}}{{#with category}}{{#if parent}}<a class=\"catlink backcategory\" href=\"#\" data-idcat=\"{{parent}}\">                        <i class=\"zmdi zmdi-chevron-left\"><\/i><span>Voltar<\/span><\/a>{{\/if}}{{\/with}}{{\/if}}{{#if category.desc}}<div class=\"wpfd-category-desc\">{{category.desc}}<\/div>{{\/if}}<\/div><\/script><script type=\"text\/x-handlebars-template\" id=\"wpfd-template-table-323\">    {{#if files}}    {{#each files}}    <tr class=\"file {{class}} {{ext}}\" data-id=\"{{ID}}\" data-catid=\"{{catid}}\">        <input type=\"hidden\" class=\"wpfd_file_preview_link_download\" value=\"{{linkdownload}}\" data-filetitle=\"{{post_title}}\" data-fileicons=\"ext ext-{{ext}} wpfd-icon-set-svg\" \/>    <td class=\"file_title\"><a class=\"wpfd_downloadlink\" href=\"{{linkdownload}}\" title=\"{{post_title}}\" target=\"{{#if remote_file}}_blank{{\/if}}\"><span class=\"extcol\">{{#if file_custom_icon}}<span class=\"icon-custom\"><img decoding=\"async\" src=\"{{file_custom_icon}}\"><\/span>{{else}}<span class=\"ext ext-{{ext}} wpfd-icon-set-svg\"><\/span>{{\/if}}<\/span>{{{crop_title}}}<\/a><\/td><td class=\"file_desc\">{{{description}}}<\/td><td class=\"file_version\">{{versionNumber}}<\/td><td class=\"file_size\">{{bytesToSize size}}<\/td>                    <td class=\"col-download\">                <a class=\"downloadlink wpfd_downloadlink\"  href=\"{{linkdownload}}\" style=\"background-color:#652365;color:#ffffff;\" target=\"{{#if remote_file}}_blank{{\/if}}\">Baixar<i class=\"zmdi zmdi-cloud-download wpfd-download\"><\/i><\/a>{{#if openpdflink}}<a class=\"openlink wpfdlightbox wpfd_previewlink\" href=\"{{openpdflink}}\" target=\"\">Visualizar                            <i class=\"zmdi zmdi-filter-center-focus wpfd-preview\"><\/i>                        <\/a>{{else}}{{#if viewerlink}}<a                            href=\"{{viewerlink}}\"                            class=\"openlink wpfdlightbox wpfd_previewlink\"                            target=\"\"                            data-id=\"{{ID}}\"                            data-catid=\"{{catid}}\"                            data-file-type=\"{{ext}}\">Visualizar<i class=\"zmdi zmdi-filter-center-focus wpfd-preview\"><\/i>                        <\/a>{{\/if}}{{\/if}}            <\/td>            <\/tr>    {{\/each}}    {{\/if}}<\/script><div class=\"wpfd-content wpfd-content-table wpfd-content-multi colstyle-hide\" data-category=\"323\"              style=\"background-color: ;\"><input type=\"hidden\" id=\"current_category_323\" value=\"323\" \/>                    <input type=\"hidden\" id=\"current_category_slug_323\" value=\"declaracao-de-praticas\" \/>                    <input type=\"hidden\" id=\"current_ordering_323\" value=\"title\" \/>                    <input type=\"hidden\" id=\"current_ordering_direction_323\" value=\"asc\" \/>                    <input type=\"hidden\" id=\"page_limit_323\" value=\"100\" \/><input type=\"hidden\" id=\"wpfd_display_empty_category_message\" value=\"0\" \/><input type=\"hidden\" id=\"wpfd_empty_category_message_val\" value=\"This file category has no files to display\" \/><input type=\"hidden\" id=\"wpfd_display_empty_folder\" value=\"0\" \/><input type=\"hidden\" id=\"wpfd_is_empty_subcategories\" value=\"1\" \/><input type=\"hidden\" id=\"wpfd_is_empty_files\" value=\"1\" \/><input type=\"hidden\" id=\"wpfd_root_category_id\" class=\"wpfd_root_category_id\" value=\"323\" \/><input type=\"hidden\" id=\"wpfd_root_category_theme\" class=\"wpfd_root_category_theme\" value=\"table\" \/><input type=\"hidden\" id=\"wpfd_root_category_clone_theme_type\" class=\"wpfd_root_category_clone_theme_type\" value=\"none\" \/><input type=\"hidden\" id=\"wpfd_root_category_type\" class=\"wpfd_root_category_type\" value=\"323\" \/><div class=\"wpfd-container\">        <div class=\"wpfd-open-tree\"><\/div>    <div class=\"wpfd-container-table  \">        <div class=\"wpfd-categories hide\"><div class=\"wpfd-category-desc\"><\/div><\/div>        <table class=\"wpfd-search-result wpfd-table wpfd-table-bordered wpfd-table-striped wpfd-table-0 mediaTable wpfd-theme-rows\">            <thead>                <tr>                    <th class=\"essential persist file_title\">T\u00edtulo<\/th><th class=\"optional file_desc\">Descri\u00e7\u00e3o<\/th><th class=\"optional file_version\">Vers\u00e3o<\/th><th class=\"optional file_size\">Tamanho<\/th><th class=\"essential file_download file_download_tbl\">Baixar<\/th>                <\/tr>            <\/thead>            <tbody>                                            <tr class=\"file pdf\" data-id=\"4783\"                    data-catid=\"323\">                                        <input type=\"hidden\" class=\"wpfd_file_preview_link_download\" value=\"https:\/\/support.namirial.com\/download\/323\/declaracao-de-praticas\/4783\/long-term-archive-practice-statement-3.pdf\"                           data-filetitle=\"Long Term Archive Practice Statement\" data-fileicons=\"ext ext-pdf wpfd-icon-set-svg\" \/>                    <td class=\"file_title\"><a class=\"wpfd_downloadlink\" href=\"https:\/\/support.namirial.com\/download\/323\/declaracao-de-praticas\/4783\/long-term-archive-practice-statement-3.pdf\" title=\"Long Term Archive Practice Statement\" target=\"\"><span class=\"extcol\"><span class=\"ext ext-pdf wpfd-icon-set-svg\"><\/span>Long Term Archive Practice Statement<\/span><\/a><\/td><td class=\"file_desc\">Valid from: 08\/09\/2023<\/td><td class=\"file_version\">11<\/td><td class=\"file_size\">1.68 MB<\/td>                                            <td class=\"file_download_tbl col-download\">                            <a class=\"downloadlink wpfd_downloadlink\"  href=\"https:\/\/support.namirial.com\/download\/323\/declaracao-de-praticas\/4783\/long-term-archive-practice-statement-3.pdf\" style=\"background-color:#652365;color:#ffffff;\" target=\"\">Baixar<i class=\"zmdi zmdi-cloud-download wpfd-download\"><\/i><\/a><a class=\"openlink wpfdlightbox wpfd_previewlink\" href=\"https:\/\/support.namirial.com\/wp-admin\/admin-ajax.php?juwpfisadmin=false&#038;action=wpfd&#038;task=file.download&#038;wpfd_category_id=323&#038;wpfd_file_id=4783&#038;token=&#038;preview=1\" target=\"\">Visualizar                            <i class=\"zmdi zmdi-filter-center-focus wpfd-preview\"><\/i>                        <\/a>                        <\/td>                                    <\/tr>                                                            <tr class=\"file pdf\" data-id=\"5278\"                    data-catid=\"323\">                                        <input type=\"hidden\" class=\"wpfd_file_preview_link_download\" value=\"https:\/\/support.namirial.com\/download\/323\/declaracao-de-praticas\/5278\/qualified-electronic-signatures-and-seals-preservation-policy-6.pdf\"                           data-filetitle=\"Qualified electronic signatures and seals preservation policy\" data-fileicons=\"ext ext-pdf wpfd-icon-set-svg\" \/>                    <td class=\"file_title\"><a class=\"wpfd_downloadlink\" href=\"https:\/\/support.namirial.com\/download\/323\/declaracao-de-praticas\/5278\/qualified-electronic-signatures-and-seals-preservation-policy-6.pdf\" title=\"Qualified electronic signatures and seals preservation policy\" target=\"\"><span class=\"extcol\"><span class=\"ext ext-pdf wpfd-icon-set-svg\"><\/span>Qualified electronic signatures and seals preservation policy<\/span><\/a><\/td><td class=\"file_desc\">Valid from: 08\/09\/2023<\/td><td class=\"file_version\">1<\/td><td class=\"file_size\">437.97 KB<\/td>                                            <td class=\"file_download_tbl col-download\">                            <a class=\"downloadlink wpfd_downloadlink\"  href=\"https:\/\/support.namirial.com\/download\/323\/declaracao-de-praticas\/5278\/qualified-electronic-signatures-and-seals-preservation-policy-6.pdf\" style=\"background-color:#652365;color:#ffffff;\" target=\"\">Baixar<i class=\"zmdi zmdi-cloud-download wpfd-download\"><\/i><\/a><a class=\"openlink wpfdlightbox wpfd_previewlink\" href=\"https:\/\/support.namirial.com\/wp-admin\/admin-ajax.php?juwpfisadmin=false&#038;action=wpfd&#038;task=file.download&#038;wpfd_category_id=323&#038;wpfd_file_id=5278&#038;token=&#038;preview=1\" target=\"\">Visualizar                            <i class=\"zmdi zmdi-filter-center-focus wpfd-preview\"><\/i>                        <\/a>                        <\/td>                                    <\/tr>                                        <\/tbody>        <\/table>            <\/div><\/div><\/div>[\/vc_column_text][\/vc_column_inner][\/vc_row_inner][\/vc_column][\/vc_row]<\/p>\n<\/div>","protected":false},"excerpt":{"rendered":"<p>[vc_row row_height_type=&#8221;fixed_height&#8221; height=&#8221;300px&#8221; top=&#8221;50px&#8221; bottom=&#8221;20px&#8221; columns_placement=&#8221;middle&#8221; bg_type=&#8221;image&#8221; parallax_bg=&#8221;parallax-bg&#8221; bg_cover=&#8221;cover&#8221; bg_repeat=&#8221;no-repeat&#8221; bg_position=&#8221;&#8221; slope_bottom=&#8221;slope-bottom&#8221; slope_bottom_height=&#8221;50px&#8221; row_seperator=&#8221;no-seperator&#8221; font_color=&#8221;#ffffff&#8221; slope_bottom_color=&#8221;#652365&#8243; bg_image=&#8221;896&#8243; el_class=&#8221;vc-header&#8221;][vc_column width=&#8221;1\/3&#8243;][\/vc_column][vc_column width=&#8221;2\/3&#8243;][vc_heading title=&#8221;DOCUMENTOS&#8221; title_tag=&#8221;h1&#8243; title_color=&#8221;#2d2d2d&#8221; subtitle=&#8221;Documenta\u00e7\u00e3o Namirial para Provedor de Servi\u00e7o de Confian\u00e7a&#8221; subtitle_tag=&#8221;h2&#8243; subtitle_color=&#8221;#000000&#8243; divider=&#8221;div-between&#8221; alignment=&#8221;align-right&#8221;][\/vc_column][\/vc_row][vc_row top=&#8221;40px&#8221; el_class=&#8221;vc-main-title&#8221; bg_color=&#8221;#000000&#8243;][vc_column][vc_heading title=&#8221;ARQUIVO A LONGO PRAZO&#8221; title_tag=&#8221;h2&#8243; subtitle_tag=&#8221;h3&#8243;][\/vc_column][\/vc_row][vc_row top=&#8221;5px&#8221; bottom=&#8221;5px&#8221; textalign=&#8221;right&#8221; bg_color=&#8221;#e8e7ea&#8221; section_id=&#8221;breadcrumbs&#8221;][vc_column][vc_column_text css_animation=&#8221;none&#8221;][\/vc_column_text][\/vc_column][\/vc_row][vc_row top=&#8221;20px&#8221; bottom=&#8221;20px&#8221; el_class=&#8221;vc-body&#8221; section_id=&#8221;tsp-docs-list&#8221;][vc_column width=&#8221;1\/4&#8243;][vc_empty_space height=&#8221;20px&#8221;][vc_heading title=&#8221;Arquivo a Longo Prazo&#8221; title_tag=&#8221;h3&#8243; alignment=&#8221;align-left&#8221;][vc_row_inner top=&#8221;&#8221; bottom=&#8221;&#8221; el_class=&#8221;left-menu-container&#8221;][vc_column_inner][\/vc_column_inner][\/vc_row_inner][vc_empty_space height=&#8221;40px&#8221;][\/vc_column][vc_column width=&#8221;3\/4&#8243; css=&#8221;.vc_custom_1512472270842{margin-top: 15px !important;}&#8221;][vc_row_inner top=&#8221;0px&#8221; bottom=&#8221;0px&#8221; el_class=&#8221;docs-section&#8221;][vc_column_inner el_class=&#8221;serv_section&#8221; el_id=&#8221;docs_tsp_statement&#8221;][vc_heading&#8230;  <\/p>\n<div class=\"read-more\"><a class=\"excerpt-read-more\" href=\"https:\/\/support.namirial.com\/pt-br\/docs\/docs-tsp-long-term-archive\/\" title=\"Continue reading Arquivo a Longo Prazo\">Read more<i class=\"fa fa-angle-right\"><\/i><\/a><\/div>\n","protected":false},"author":5,"featured_media":0,"parent":2967,"menu_order":5,"comment_status":"closed","ping_status":"closed","template":"page-full-width.php","meta":{"footnotes":""},"class_list":["post-2982","page","type-page","status-publish","hentry"],"yoast_head":"<!-- This site is optimized with the Yoast SEO plugin v23.6 - https:\/\/yoast.com\/wordpress\/plugins\/seo\/ -->\n<title>TSP Docs - Arquivo a Longo Prazo<\/title>\n<meta name=\"description\" content=\"Namirial Official Documents Repository\" \/>\n<meta name=\"robots\" content=\"index, follow, max-snippet:-1, max-image-preview:large, max-video-preview:-1\" \/>\n<link rel=\"canonical\" href=\"https:\/\/support.namirial.com\/pt-br\/docs\/docs-tsp-long-term-archive\/\" \/>\n<meta property=\"og:locale\" content=\"pt_BR\" \/>\n<meta property=\"og:type\" content=\"article\" \/>\n<meta property=\"og:title\" content=\"TSP Docs - Arquivo a Longo Prazo\" \/>\n<meta property=\"og:description\" content=\"Namirial Official Documents Repository\" \/>\n<meta property=\"og:url\" content=\"https:\/\/support.namirial.com\/pt-br\/docs\/docs-tsp-long-term-archive\/\" \/>\n<meta property=\"og:site_name\" content=\"Namirial Support\" \/>\n<meta property=\"article:modified_time\" content=\"2020-08-31T15:26:24+00:00\" \/>\n<meta name=\"twitter:card\" content=\"summary_large_image\" \/>\n<script type=\"application\/ld+json\" class=\"yoast-schema-graph\">{\"@context\":\"https:\/\/schema.org\",\"@graph\":[{\"@type\":\"WebPage\",\"@id\":\"https:\/\/support.namirial.com\/pt-br\/docs\/docs-tsp-long-term-archive\/\",\"url\":\"https:\/\/support.namirial.com\/pt-br\/docs\/docs-tsp-long-term-archive\/\",\"name\":\"TSP Docs - Arquivo a Longo Prazo\",\"isPartOf\":{\"@id\":\"https:\/\/support.namirial.com\/pt-br\/#website\"},\"datePublished\":\"2018-01-25T09:22:38+00:00\",\"dateModified\":\"2020-08-31T15:26:24+00:00\",\"description\":\"Namirial Official Documents Repository\",\"breadcrumb\":{\"@id\":\"https:\/\/support.namirial.com\/pt-br\/docs\/docs-tsp-long-term-archive\/#breadcrumb\"},\"inLanguage\":\"pt-BR\",\"potentialAction\":[{\"@type\":\"ReadAction\",\"target\":[\"https:\/\/support.namirial.com\/pt-br\/docs\/docs-tsp-long-term-archive\/\"]}]},{\"@type\":\"BreadcrumbList\",\"@id\":\"https:\/\/support.namirial.com\/pt-br\/docs\/docs-tsp-long-term-archive\/#breadcrumb\",\"itemListElement\":[{\"@type\":\"ListItem\",\"position\":1,\"name\":\"Home\",\"item\":\"https:\/\/support.namirial.com\/pt-br\/\"},{\"@type\":\"ListItem\",\"position\":2,\"name\":\"Documenta\u00e7\u00e3o\",\"item\":\"https:\/\/support.namirial.com\/pt-br\/docs\/\"},{\"@type\":\"ListItem\",\"position\":3,\"name\":\"Arquivo a Longo Prazo\"}]},{\"@type\":\"WebSite\",\"@id\":\"https:\/\/support.namirial.com\/pt-br\/#website\",\"url\":\"https:\/\/support.namirial.com\/pt-br\/\",\"name\":\"Namirial Support\",\"description\":\"Trust Service Provider\",\"publisher\":{\"@id\":\"https:\/\/support.namirial.com\/pt-br\/#organization\"},\"potentialAction\":[{\"@type\":\"SearchAction\",\"target\":{\"@type\":\"EntryPoint\",\"urlTemplate\":\"https:\/\/support.namirial.com\/pt-br\/?s={search_term_string}\"},\"query-input\":{\"@type\":\"PropertyValueSpecification\",\"valueRequired\":true,\"valueName\":\"search_term_string\"}}],\"inLanguage\":\"pt-BR\"},{\"@type\":\"Organization\",\"@id\":\"https:\/\/support.namirial.com\/pt-br\/#organization\",\"name\":\"Namirial Information Technology\",\"url\":\"https:\/\/support.namirial.com\/pt-br\/\",\"logo\":{\"@type\":\"ImageObject\",\"inLanguage\":\"pt-BR\",\"@id\":\"https:\/\/support.namirial.com\/pt-br\/#\/schema\/logo\/image\/\",\"url\":\"https:\/\/support.namirial.com\/wp-content\/uploads\/logo-namirial-information-technology-@2x.png\",\"contentUrl\":\"https:\/\/support.namirial.com\/wp-content\/uploads\/logo-namirial-information-technology-@2x.png\",\"width\":408,\"height\":96,\"caption\":\"Namirial Information Technology\"},\"image\":{\"@id\":\"https:\/\/support.namirial.com\/pt-br\/#\/schema\/logo\/image\/\"}}]}<\/script>\n<!-- \/ Yoast SEO plugin. -->","yoast_head_json":{"title":"TSP Docs - Arquivo a Longo Prazo","description":"Namirial Official Documents Repository","robots":{"index":"index","follow":"follow","max-snippet":"max-snippet:-1","max-image-preview":"max-image-preview:large","max-video-preview":"max-video-preview:-1"},"canonical":"https:\/\/support.namirial.com\/pt-br\/docs\/docs-tsp-long-term-archive\/","og_locale":"pt_BR","og_type":"article","og_title":"TSP Docs - Arquivo a Longo Prazo","og_description":"Namirial Official Documents Repository","og_url":"https:\/\/support.namirial.com\/pt-br\/docs\/docs-tsp-long-term-archive\/","og_site_name":"Namirial Support","article_modified_time":"2020-08-31T15:26:24+00:00","twitter_card":"summary_large_image","schema":{"@context":"https:\/\/schema.org","@graph":[{"@type":"WebPage","@id":"https:\/\/support.namirial.com\/pt-br\/docs\/docs-tsp-long-term-archive\/","url":"https:\/\/support.namirial.com\/pt-br\/docs\/docs-tsp-long-term-archive\/","name":"TSP Docs - Arquivo a Longo Prazo","isPartOf":{"@id":"https:\/\/support.namirial.com\/pt-br\/#website"},"datePublished":"2018-01-25T09:22:38+00:00","dateModified":"2020-08-31T15:26:24+00:00","description":"Namirial Official Documents Repository","breadcrumb":{"@id":"https:\/\/support.namirial.com\/pt-br\/docs\/docs-tsp-long-term-archive\/#breadcrumb"},"inLanguage":"pt-BR","potentialAction":[{"@type":"ReadAction","target":["https:\/\/support.namirial.com\/pt-br\/docs\/docs-tsp-long-term-archive\/"]}]},{"@type":"BreadcrumbList","@id":"https:\/\/support.namirial.com\/pt-br\/docs\/docs-tsp-long-term-archive\/#breadcrumb","itemListElement":[{"@type":"ListItem","position":1,"name":"Home","item":"https:\/\/support.namirial.com\/pt-br\/"},{"@type":"ListItem","position":2,"name":"Documenta\u00e7\u00e3o","item":"https:\/\/support.namirial.com\/pt-br\/docs\/"},{"@type":"ListItem","position":3,"name":"Arquivo a Longo Prazo"}]},{"@type":"WebSite","@id":"https:\/\/support.namirial.com\/pt-br\/#website","url":"https:\/\/support.namirial.com\/pt-br\/","name":"Namirial Support","description":"Trust Service Provider","publisher":{"@id":"https:\/\/support.namirial.com\/pt-br\/#organization"},"potentialAction":[{"@type":"SearchAction","target":{"@type":"EntryPoint","urlTemplate":"https:\/\/support.namirial.com\/pt-br\/?s={search_term_string}"},"query-input":{"@type":"PropertyValueSpecification","valueRequired":true,"valueName":"search_term_string"}}],"inLanguage":"pt-BR"},{"@type":"Organization","@id":"https:\/\/support.namirial.com\/pt-br\/#organization","name":"Namirial Information Technology","url":"https:\/\/support.namirial.com\/pt-br\/","logo":{"@type":"ImageObject","inLanguage":"pt-BR","@id":"https:\/\/support.namirial.com\/pt-br\/#\/schema\/logo\/image\/","url":"https:\/\/support.namirial.com\/wp-content\/uploads\/logo-namirial-information-technology-@2x.png","contentUrl":"https:\/\/support.namirial.com\/wp-content\/uploads\/logo-namirial-information-technology-@2x.png","width":408,"height":96,"caption":"Namirial Information Technology"},"image":{"@id":"https:\/\/support.namirial.com\/pt-br\/#\/schema\/logo\/image\/"}}]}},"_links":{"self":[{"href":"https:\/\/support.namirial.com\/pt-br\/wp-json\/wp\/v2\/pages\/2982"}],"collection":[{"href":"https:\/\/support.namirial.com\/pt-br\/wp-json\/wp\/v2\/pages"}],"about":[{"href":"https:\/\/support.namirial.com\/pt-br\/wp-json\/wp\/v2\/types\/page"}],"author":[{"embeddable":true,"href":"https:\/\/support.namirial.com\/pt-br\/wp-json\/wp\/v2\/users\/5"}],"replies":[{"embeddable":true,"href":"https:\/\/support.namirial.com\/pt-br\/wp-json\/wp\/v2\/comments?post=2982"}],"version-history":[{"count":0,"href":"https:\/\/support.namirial.com\/pt-br\/wp-json\/wp\/v2\/pages\/2982\/revisions"}],"up":[{"embeddable":true,"href":"https:\/\/support.namirial.com\/pt-br\/wp-json\/wp\/v2\/pages\/2967"}],"wp:attachment":[{"href":"https:\/\/support.namirial.com\/pt-br\/wp-json\/wp\/v2\/media?parent=2982"}],"curies":[{"name":"wp","href":"https:\/\/api.w.org\/{rel}","templated":true}]}}